{"id":30,"date":"2017-06-30T09:54:24","date_gmt":"2017-06-30T09:54:24","guid":{"rendered":"http:\/\/www.nicdarkthemes.com\/themes\/hotel\/wp\/demo\/?page_id=30"},"modified":"2024-12-20T10:42:33","modified_gmt":"2024-12-20T10:42:33","slug":"booking","status":"publish","type":"page","link":"https:\/\/www.lacasitaurla.com\/?page_id=30","title":{"rendered":"Booking"},"content":{"rendered":"<p>[vc_row][vc_column][vc_media_grid grid_id=&#8221;vc_gid:1734691164680-89db5ec3-07df-6&#8243; include=&#8221;1603,1812,1810&#8243;][vc_empty_space][vc_separator][vc_empty_space][vc_custom_heading text=&#8221;&#8221; use_theme_fonts=&#8221;yes&#8221;][vc_column_text]<span style=\"color: #000000;\">Her ihtiyaca ve b\u00fct\u00e7eye uygun \u015fekilde farkl\u0131 kategorilerde hizmet verdi\u011fimiz geni\u015f odalar\u0131m\u0131zda konforlu konaklaman\u0131n keyfini s\u00fcrebilir, Apart ve Suit Odalar\u0131m\u0131zda ailenizle rahatl\u0131kla kalabilirsiniz. \u015eehir tesisi olman\u0131n avantaj\u0131 ile y\u00fcr\u00fcy\u00fc\u015f mesafesindeki tezgahlardan alaca\u011f\u0131n\u0131z yerel \u00fcr\u00fcnlerle tam donan\u0131ml\u0131 mutfakl\u0131 odalar\u0131m\u0131zda sofran\u0131z\u0131 kurabilirsiniz.<\/span>[\/vc_column_text][\/vc_column][\/vc_row][vc_row][vc_column][vc_empty_space][vc_empty_space][vc_column_text]<\/p>\n<h2><span style=\"color: #000000;\">EKONOM\u0130K ODA<\/span><\/h2>\n<p>&nbsp;<\/p>\n<ul>\n<li style=\"text-align: left;\"><span style=\"color: #000000;\">27 m\u00b2 <\/span><\/li>\n<li style=\"text-align: left;\"><span style=\"color: #000000;\">\u0130ki adet tek ki\u015filik yata\u011fa da d\u00f6n\u00fc\u015ft\u00fcr\u00fclebilen \u00e7ift ki\u015filik yatak<\/span><\/li>\n<li style=\"text-align: left;\"><span style=\"color: #000000;\">Klima-Buzdolab\u0131-<\/span><span style=\"color: #000000;\">Televizyon-<\/span><span style=\"color: #000000;\">Sa\u00e7 Kurutma Makinesi-Kettle<\/span><\/li>\n<li style=\"text-align: left;\"><span style=\"color: #000000;\">Uydu Yay\u0131n\u0131-<\/span><span style=\"color: #000000;\">Wi-Fi<\/span><\/li>\n<\/ul>\n<p>[\/vc_column_text][vc_empty_space][vc_media_grid grid_id=&#8221;vc_gid:1734691164682-133394c2-6b53-3&#8243; include=&#8221;1846,1848,1844,1845,1847,1849&#8243;][vc_empty_space][vc_column_text]<\/p>\n<h2><span style=\"color: #000000;\">STANDART ODA<\/span><\/h2>\n<p>&nbsp;<\/p>\n<ul>\n<li><span style=\"color: #000000;\">29 m\u00b2<\/span><\/li>\n<li><span style=\"color: #000000;\">\u00c7ift ki\u015filik yatak<\/span><\/li>\n<li><span style=\"color: #000000;\">Klima-Mini Buzdolab\u0131-<\/span><span style=\"color: #000000;\">Televizyon-Sa\u00e7 Kurutma Makinesi-Kettle<\/span><\/li>\n<li><span style=\"color: #000000;\">Yemek Masas\u0131<\/span><\/li>\n<li><span style=\"color: #000000;\">Uydu Yay\u0131n\u0131-<\/span><span style=\"color: #000000;\">Wi-Fi<\/span><\/li>\n<\/ul>\n<p>[\/vc_column_text][vc_empty_space][vc_media_grid grid_id=&#8221;vc_gid:1734691164683-1582f5c0-d747-1&#8243; include=&#8221;1851,1855,1863,1865,1856,1866&#8243;][vc_empty_space][vc_column_text]<\/p>\n<h2><span style=\"color: #000000;\">EKONOM\u0130K SU\u0130T ODA<\/span><\/h2>\n<p>&nbsp;<\/p>\n<ul>\n<li><span style=\"color: #000000;\">1+1 alanda 58 m\u00b2<\/span><\/li>\n<li><span style=\"color: #000000;\">\u0130ki adet tek ki\u015filik yata\u011fa da d\u00f6n\u00fc\u015ft\u00fcr\u00fclebilen \u00e7ift ki\u015filik yatak<\/span><\/li>\n<li><span style=\"color: #000000;\">Klima-Buzdolab\u0131-<\/span><span style=\"color: #000000;\">Televizyon-Sa\u00e7 Kurutma Makinesi-<\/span><span style=\"color: #000000;\">Kettle<\/span><\/li>\n<li><span style=\"color: #000000;\">Yemek Masas\u0131<\/span><\/li>\n<li><span style=\"color: #000000;\">Oturma Grubu<\/span><\/li>\n<li><span style=\"color: #000000;\">Uydu Yay\u0131n\u0131-<\/span><span style=\"color: #000000;\">Wi-Fi<\/span><\/li>\n<\/ul>\n<p>[\/vc_column_text][vc_empty_space][vc_media_grid grid_id=&#8221;vc_gid:1734691164684-cd07c093-dd17-0&#8243; include=&#8221;1873,1869,1882,1881,1876,1880,1874,1885,1877&#8243;][vc_empty_space][vc_column_text]<\/p>\n<div class=\"wpb_text_column wpb_content_element \">\n<div class=\"wpb_wrapper\">\n<h2><span style=\"color: #000000;\">STANDART SU\u0130T ODA<\/span><\/h2>\n<p>&nbsp;<\/p>\n<ul>\n<li><span style=\"color: #000000;\">1+1 alanda 55 m\u00b2<\/span><\/li>\n<li><span style=\"color: #000000;\">\u0130ki adet tek ki\u015filik yata\u011fa da d\u00f6n\u00fc\u015ft\u00fcr\u00fclebilen \u00e7ift ki\u015filik yatak<\/span><\/li>\n<li><span style=\"color: #000000;\">Giyinme alan\u0131<\/span><\/li>\n<li><span style=\"color: #000000;\">Klima-Buzdolab\u0131-<\/span><span style=\"color: #000000;\">Televizyon-Sa\u00e7 Kurutma Makinesi-<\/span><span style=\"color: #000000;\">Kettle<\/span><\/li>\n<li><span style=\"color: #000000;\">Yemek Masas\u0131<\/span><\/li>\n<li><span style=\"color: #000000;\">Oturma Grubu<\/span><\/li>\n<li><span style=\"color: #000000;\">Uydu Yay\u0131n\u0131-<\/span><span style=\"color: #000000;\">Wi-Fi<\/span><\/li>\n<\/ul>\n<\/div>\n<\/div>\n<p>[\/vc_column_text][vc_empty_space][vc_media_grid grid_id=&#8221;vc_gid:1734691164685-38f87a58-5bc8-9&#8243; include=&#8221;1901,1891,1893,1894,1904,1899,1900,1907,1896&#8243;][vc_empty_space][vc_column_text]<\/p>\n<h2><span style=\"color: #000000;\">TERAS SU\u0130T ODA<\/span><\/h2>\n<p>&nbsp;<\/p>\n<ul>\n<li><span style=\"color: #000000;\">1+1 alanda 60 m\u00b2<\/span><\/li>\n<li><span style=\"color: #000000;\">\u00c7ift ki\u015filik yatak<\/span><\/li>\n<li><span style=\"color: #000000;\">Klima-Buzdolab\u0131-<\/span><span style=\"color: #000000;\">Televizyon-Sa\u00e7 Kurutma Makinesi-<\/span><span style=\"color: #000000;\">Kettle<\/span><\/li>\n<li><span style=\"color: #000000;\">Yemek Masas\u0131<\/span><\/li>\n<li><span style=\"color: #000000;\">Oturma Grubu<\/span><\/li>\n<li><span style=\"color: #000000;\">Uydu Yay\u0131n\u0131-<\/span><span style=\"color: #000000;\">Wi-Fi<\/span><\/li>\n<\/ul>\n<p>[\/vc_column_text][vc_empty_space][vc_media_grid grid_id=&#8221;vc_gid:1734691164686-123800f3-832b-3&#8243; include=&#8221;1950,1948,1951,1918,1916,1934,1931,1939,1941&#8243;][vc_empty_space][vc_column_text]<\/p>\n<h2><span style=\"color: #000000;\">TAM DONANIMLI APART<\/span><\/h2>\n<p>&nbsp;<\/p>\n<ul>\n<li><span style=\"color: #000000;\">1+1 alanda 55 m\u00b2<\/span><\/li>\n<li><span style=\"color: #000000;\">\u0130ki adet tek ki\u015filik yata\u011fa da d\u00f6n\u00fc\u015ft\u00fcr\u00fclebilen \u00e7ift ki\u015filik yatak<\/span><\/li>\n<li><span style=\"color: #000000;\">Giyinme alan\u0131<\/span><\/li>\n<li><span style=\"color: #000000;\">Klima-Buzdolab\u0131-Televizyon-<\/span><span style=\"color: #000000;\">Sa\u00e7 Kurutma Makinesi<\/span><\/li>\n<li><span style=\"color: #000000;\">\u00c7<\/span><span style=\"color: #000000;\">ama\u015f\u0131r Makinesi-<\/span><span style=\"color: #000000;\">Bula\u015f\u0131k Makinesi-<\/span><span style=\"color: #000000;\">F\u0131r\u0131n-<\/span><span style=\"color: #000000;\">Ocak-Kettle<\/span><\/li>\n<li><span style=\"color: #000000;\">Yemek Masas\u0131<\/span><\/li>\n<li><span style=\"color: #000000;\">Oturma Grubu<\/span><\/li>\n<li><span style=\"color: #000000;\">Uydu Yay\u0131n\u0131-<\/span><span style=\"color: #000000;\">Wi-Fi<\/span><\/li>\n<\/ul>\n<p>[\/vc_column_text][vc_empty_space][vc_media_grid grid_id=&#8221;vc_gid:1734691164687-8604326c-efa7-4&#8243; include=&#8221;1984,1983,1981,1975,1988,1986,1978,1977,1990&#8243;][\/vc_column][vc_column][\/vc_column][vc_column][\/vc_column][\/vc_row][vc_row css=&#8221;.vc_custom_1498836273191{margin-top: 60px !important;margin-bottom: 60px !important;}&#8221;][vc_column offset=&#8221;vc_hidden-lg vc_hidden-md vc_hidden-sm&#8221;]\n\n\t<script type=\"text\/javascript\">\n    \/\/<![CDATA[\n    \n    jQuery(document).ready(function() {\n\n      \/\/START masonry\n      jQuery(function ($) {\n        \n        \/\/Masonry\n    \t\tvar $nd_booking_masonry_content = $(\".nd_booking_masonry_content\").imagesLoaded( function() {\n    \t\t  \/\/ init Masonry after all images have loaded\n    \t\t  $nd_booking_masonry_content.masonry({\n    \t\t    itemSelector: \".nd_booking_masonry_item\"\n    \t\t  });\n    \t\t});\n\n      });\n      \/\/END masonry\n\n    });\n\n    \/\/]]>\n  <\/script>\n\n<div class=\" nd_booking_rooms_component_l5 nd_booking_section nd_booking_masonry_content  \"><\/div>[\/vc_column][\/vc_row]<\/p>\n","protected":false},"excerpt":{"rendered":"<p>[vc_row][vc_column][vc_media_grid grid_id=&#8221;vc_gid:1734691164680-89db5ec3-07df-6&#8243; include=&#8221;1603,1812,1810&#8243;][vc_empty_space][vc_separator][vc_empty_space][vc_custom_heading text=&#8221;&#8221; use_theme_fonts=&#8221;yes&#8221;][vc_column_text]Her ihtiyaca ve b\u00fct\u00e7eye uygun \u015fekilde farkl\u0131 kategorilerde hizmet verdi\u011fimiz geni\u015f odalar\u0131m\u0131zda konforlu konaklaman\u0131n keyfini s\u00fcrebilir, Apart ve Suit Odalar\u0131m\u0131zda ailenizle rahatl\u0131kla kalabilirsiniz. \u015eehir tesisi olman\u0131n avantaj\u0131 ile y\u00fcr\u00fcy\u00fc\u015f mesafesindeki tezgahlardan alaca\u011f\u0131n\u0131z yerel \u00fcr\u00fcnlerle tam donan\u0131ml\u0131 mutfakl\u0131 odalar\u0131m\u0131zda sofran\u0131z\u0131 kurabilirsiniz.[\/vc_column_text][\/vc_column][\/vc_row][vc_row][vc_column][vc_empty_space][vc_empty_space][vc_column_text] EKONOM\u0130K ODA &nbsp; 27 m\u00b2 \u0130ki adet tek ki\u015filik yata\u011fa da [&hellip;]<\/p>\n","protected":false},"author":1,"featured_media":0,"parent":0,"menu_order":0,"comment_status":"closed","ping_status":"closed","template":"","meta":[],"_links":{"self":[{"href":"https:\/\/www.lacasitaurla.com\/index.php?rest_route=\/wp\/v2\/pages\/30"}],"collection":[{"href":"https:\/\/www.lacasitaurla.com\/index.php?rest_route=\/wp\/v2\/pages"}],"about":[{"href":"https:\/\/www.lacasitaurla.com\/index.php?rest_route=\/wp\/v2\/types\/page"}],"author":[{"embeddable":true,"href":"https:\/\/www.lacasitaurla.com\/index.php?rest_route=\/wp\/v2\/users\/1"}],"replies":[{"embeddable":true,"href":"https:\/\/www.lacasitaurla.com\/index.php?rest_route=%2Fwp%2Fv2%2Fcomments&post=30"}],"version-history":[{"count":84,"href":"https:\/\/www.lacasitaurla.com\/index.php?rest_route=\/wp\/v2\/pages\/30\/revisions"}],"predecessor-version":[{"id":1913,"href":"https:\/\/www.lacasitaurla.com\/index.php?rest_route=\/wp\/v2\/pages\/30\/revisions\/1913"}],"wp:attachment":[{"href":"https:\/\/www.lacasitaurla.com\/index.php?rest_route=%2Fwp%2Fv2%2Fmedia&parent=30"}],"curies":[{"name":"wp","href":"https:\/\/api.w.org\/{rel}","templated":true}]}}