{"id":1743,"date":"2024-11-27T08:28:12","date_gmt":"2024-11-27T08:28:12","guid":{"rendered":"https:\/\/www.lacasitaurla.com\/?page_id=1743"},"modified":"2024-12-12T08:15:30","modified_gmt":"2024-12-12T08:15:30","slug":"urla","status":"publish","type":"page","link":"https:\/\/www.lacasitaurla.com\/?page_id=1743","title":{"rendered":"Urla"},"content":{"rendered":"<p>&nbsp;<\/p>\n<p><a href=\"https:\/\/www.lacasitaurla.com\/wp-content\/uploads\/2024\/11\/michelin11.jpg-768x432-1.webp\"><img loading=\"lazy\" class=\" wp-image-1744 aligncenter\" src=\"https:\/\/www.lacasitaurla.com\/wp-content\/uploads\/2024\/11\/michelin11.jpg-768x432-1.webp\" alt=\"\" width=\"645\" height=\"363\" srcset=\"https:\/\/www.lacasitaurla.com\/wp-content\/uploads\/2024\/11\/michelin11.jpg-768x432-1.webp 768w, https:\/\/www.lacasitaurla.com\/wp-content\/uploads\/2024\/11\/michelin11.jpg-768x432-1-300x169.webp 300w\" sizes=\"(max-width: 645px) 100vw, 645px\" \/><\/a><\/p>\n<p>&nbsp;<\/p>\n<p style=\"text-align: center;\"><span style=\"color: #000000;\">1900&#8217;l\u00fc y\u0131llardan beri d\u00fcnyan\u0131n en iyi restoranlar\u0131n\u0131 se\u00e7en prestijli rehber Michelin&#8217;e 2024 y\u0131l\u0131nda \u00fc\u00e7 ayr\u0131 restoran ile giren Urla, bir gastronomi merkezi. Bereketli topraklar\u0131nda yeti\u015fen ve mevsiminde hasat edilen \u00fcr\u00fcnlerin tarladan sofraya uzanan yolculu\u011funda bu lezzetleri y\u0131l\u0131n her d\u00f6nemi tadabilirsiniz.<\/span><\/p>\n<p>&nbsp;<\/p>\n<p><img loading=\"lazy\" class=\"size-full wp-image-1745 aligncenter\" src=\"https:\/\/www.lacasitaurla.com\/wp-content\/uploads\/2024\/11\/urla-sarap-rotalari.jpeg\" alt=\"\" width=\"512\" height=\"363\" srcset=\"https:\/\/www.lacasitaurla.com\/wp-content\/uploads\/2024\/11\/urla-sarap-rotalari.jpeg 512w, https:\/\/www.lacasitaurla.com\/wp-content\/uploads\/2024\/11\/urla-sarap-rotalari-300x213.jpeg 300w\" sizes=\"(max-width: 512px) 100vw, 512px\" \/><\/p>\n<p>&nbsp;<\/p>\n<p style=\"text-align: center;\"><span style=\"color: #000000;\">Urla&#8217;da ge\u00e7mi\u015fi antik \u00e7a\u011flara uzanan \u015farap \u00fcretimi, 2016&#8217;dan bu yana da Urla Ba\u011f Yolu Rotas\u0131 ile butik \u015farap\u00e7\u0131l\u0131\u011f\u0131n getirdi\u011fi fakl\u0131l\u0131klar ile her biri kendine \u00f6zg\u00fc \u00fcretim yapan ve pek\u00e7ok yerde \u00f6d\u00fcl alan \u015faraphaneler ile devam ediyor. Rotada yer alan ba\u011flar\u0131 ve mahzenlerini gezerek \u00fcretim s\u00fcrecine tan\u0131kl\u0131k edebilir, ba\u011flar\u0131n i\u00e7inde yer alan ve her biri aile i\u015fletmesi olan \u015faraphanelerde tadabilirsiniz.<\/span><\/p>\n<p>&nbsp;<\/p>\n<p><a href=\"https:\/\/www.lacasitaurla.com\/wp-content\/uploads\/2024\/11\/Sorf-4d0c81e3.webp\"><img loading=\"lazy\" class=\" wp-image-1746 aligncenter\" src=\"https:\/\/www.lacasitaurla.com\/wp-content\/uploads\/2024\/11\/Sorf-4d0c81e3.webp\" alt=\"\" width=\"544\" height=\"363\" srcset=\"https:\/\/www.lacasitaurla.com\/wp-content\/uploads\/2024\/11\/Sorf-4d0c81e3.webp 830w, https:\/\/www.lacasitaurla.com\/wp-content\/uploads\/2024\/11\/Sorf-4d0c81e3-300x200.webp 300w, https:\/\/www.lacasitaurla.com\/wp-content\/uploads\/2024\/11\/Sorf-4d0c81e3-768x513.webp 768w\" sizes=\"(max-width: 544px) 100vw, 544px\" \/><\/a><\/p>\n<p>&nbsp;<\/p>\n<p style=\"text-align: center;\"><span style=\"color: #000000;\">Urla, Kuzey ve G\u00fcney&#8217;den Ege Denizi&#8217;nin berrak sular\u0131 ile \u00e7evrelenmi\u015f, bereketli bir yar\u0131madan\u0131n en ince noktas\u0131nda yer al\u0131r. Yar\u0131mada konumu nedeniyle denizden gelen r\u00fczgarlara a\u00e7\u0131kt\u0131r ve bu r\u00fczgarlar da surf, kitesurf, kiteboard gibi r\u00fczgar sporlar\u0131 i\u00e7in e\u015fsiz bir konumdad\u0131r.<\/span><\/p>\n<p>&nbsp;<\/p>\n<p><img loading=\"lazy\" class=\" wp-image-1747 aligncenter\" src=\"https:\/\/www.lacasitaurla.com\/wp-content\/uploads\/2024\/11\/1.-KLAZOMENAI.jpg\" alt=\"\" width=\"559\" height=\"314\" srcset=\"https:\/\/www.lacasitaurla.com\/wp-content\/uploads\/2024\/11\/1.-KLAZOMENAI.jpg 1920w, https:\/\/www.lacasitaurla.com\/wp-content\/uploads\/2024\/11\/1.-KLAZOMENAI-300x169.jpg 300w, https:\/\/www.lacasitaurla.com\/wp-content\/uploads\/2024\/11\/1.-KLAZOMENAI-1024x575.jpg 1024w, https:\/\/www.lacasitaurla.com\/wp-content\/uploads\/2024\/11\/1.-KLAZOMENAI-815x458.jpg 815w, https:\/\/www.lacasitaurla.com\/wp-content\/uploads\/2024\/11\/1.-KLAZOMENAI-768x432.jpg 768w, https:\/\/www.lacasitaurla.com\/wp-content\/uploads\/2024\/11\/1.-KLAZOMENAI-1536x863.jpg 1536w\" sizes=\"(max-width: 559px) 100vw, 559px\" \/><\/p>\n<p>&nbsp;<\/p>\n<p style=\"text-align: center;\"><span style=\"color: #000000;\">Limantepe mevkinde yer alan, tarihi M.\u00d6. 4000 y\u0131l\u0131na uzanan Klazomenai antik kenti, d\u00fcnyan\u0131n en eski zeytinya\u011f\u0131 i\u015fliklerinden birine ev sahipli\u011fi yapmaktad\u0131r. Ege sahil b\u00f6lgesinin bilinen en eski ve uzun s\u00fcreli yerle\u015fimine sahip merkezi konumunda olan b\u00f6lgede \u00f6ren yerini ziyaret edebilirsiniz.<\/span><\/p>\n<p>&nbsp;<\/p>\n<p style=\"text-align: center;\"><a href=\"https:\/\/www.lacasitaurla.com\/wp-content\/uploads\/2024\/11\/SANAT-SOKAGI.webp\"><img loading=\"lazy\" class=\" wp-image-1748 aligncenter\" src=\"https:\/\/www.lacasitaurla.com\/wp-content\/uploads\/2024\/11\/SANAT-SOKAGI.webp\" alt=\"\" width=\"545\" height=\"363\" srcset=\"https:\/\/www.lacasitaurla.com\/wp-content\/uploads\/2024\/11\/SANAT-SOKAGI.webp 960w, https:\/\/www.lacasitaurla.com\/wp-content\/uploads\/2024\/11\/SANAT-SOKAGI-300x200.webp 300w, https:\/\/www.lacasitaurla.com\/wp-content\/uploads\/2024\/11\/SANAT-SOKAGI-768x512.webp 768w\" sizes=\"(max-width: 545px) 100vw, 545px\" \/><\/a><\/p>\n<p>&nbsp;<\/p>\n<p style=\"text-align: center;\"><span style=\"color: #000000;\">1800\u2019l\u00fc y\u0131llardan g\u00fcn\u00fcm\u00fcze kadar ula\u015fm\u0131\u015f tarihi ta\u015f yap\u0131lara ev sahipli\u011fi yapan, bug\u00fcn de Urla&#8217;daki canl\u0131 hayat\u0131n merkezi konumundaki Urla Sanat Soka\u011f\u0131&#8217;nda y\u00f6resel lezzetlerin tad\u0131na bakabilir, \u00f6zg\u00fcn sanat \u00fcretimlerini alabilir, gece hayat\u0131na kar\u0131\u015fabilirsiniz.<\/span><\/p>\n<p>&nbsp;<\/p>\n","protected":false},"excerpt":{"rendered":"<p>&nbsp; &nbsp; 1900&#8217;l\u00fc y\u0131llardan beri d\u00fcnyan\u0131n en iyi restoranlar\u0131n\u0131 se\u00e7en prestijli rehber Michelin&#8217;e 2024 y\u0131l\u0131nda \u00fc\u00e7 ayr\u0131 restoran ile giren Urla, bir gastronomi merkezi. Bereketli topraklar\u0131nda yeti\u015fen ve mevsiminde hasat edilen \u00fcr\u00fcnlerin tarladan sofraya uzanan yolculu\u011funda bu lezzetleri y\u0131l\u0131n her d\u00f6nemi tadabilirsiniz. &nbsp; &nbsp; Urla&#8217;da ge\u00e7mi\u015fi antik \u00e7a\u011flara uzanan \u015farap \u00fcretimi, 2016&#8217;dan bu yana da [&hellip;]<\/p>\n","protected":false},"author":1,"featured_media":0,"parent":0,"menu_order":0,"comment_status":"closed","ping_status":"closed","template":"","meta":[],"_links":{"self":[{"href":"https:\/\/www.lacasitaurla.com\/index.php?rest_route=\/wp\/v2\/pages\/1743"}],"collection":[{"href":"https:\/\/www.lacasitaurla.com\/index.php?rest_route=\/wp\/v2\/pages"}],"about":[{"href":"https:\/\/www.lacasitaurla.com\/index.php?rest_route=\/wp\/v2\/types\/page"}],"author":[{"embeddable":true,"href":"https:\/\/www.lacasitaurla.com\/index.php?rest_route=\/wp\/v2\/users\/1"}],"replies":[{"embeddable":true,"href":"https:\/\/www.lacasitaurla.com\/index.php?rest_route=%2Fwp%2Fv2%2Fcomments&post=1743"}],"version-history":[{"count":8,"href":"https:\/\/www.lacasitaurla.com\/index.php?rest_route=\/wp\/v2\/pages\/1743\/revisions"}],"predecessor-version":[{"id":1794,"href":"https:\/\/www.lacasitaurla.com\/index.php?rest_route=\/wp\/v2\/pages\/1743\/revisions\/1794"}],"wp:attachment":[{"href":"https:\/\/www.lacasitaurla.com\/index.php?rest_route=%2Fwp%2Fv2%2Fmedia&parent=1743"}],"curies":[{"name":"wp","href":"https:\/\/api.w.org\/{rel}","templated":true}]}}